{"id":10,"date":"2023-09-07T19:18:30","date_gmt":"2023-09-07T19:18:30","guid":{"rendered":"https:\/\/ingles.hotellaprincesa.com\/?page_id=10"},"modified":"2025-05-14T14:56:59","modified_gmt":"2025-05-14T14:56:59","slug":"home","status":"publish","type":"page","link":"https:\/\/ingles.hotellaprincesa.com\/","title":{"rendered":"Home"},"content":{"rendered":"\t\t<div data-elementor-type=\"wp-page\" data-elementor-id=\"10\" class=\"elementor elementor-10\" data-elementor-post-type=\"page\">\n\t\t\t\t\t\t<section class=\"elementor-section elementor-top-section elementor-element elementor-element-d6281df elementor-section-height-min-height elementor-section-boxed elementor-section-height-default elementor-section-items-middle\" data-id=\"d6281df\" data-element_type=\"section\" data-settings=\"{&quot;background_background&quot;:&quot;slideshow&quot;,&quot;background_slideshow_gallery&quot;:[{&quot;id&quot;:40,&quot;url&quot;:&quot;https:\\\/\\\/ingles.hotellaprincesa.com\\\/wp-content\\\/uploads\\\/2023\\\/09\\\/cabe1.jpg&quot;},{&quot;id&quot;:41,&quot;url&quot;:&quot;https:\\\/\\\/ingles.hotellaprincesa.com\\\/wp-content\\\/uploads\\\/2023\\\/09\\\/cabe2.jpg&quot;},{&quot;id&quot;:42,&quot;url&quot;:&quot;https:\\\/\\\/ingles.hotellaprincesa.com\\\/wp-content\\\/uploads\\\/2023\\\/09\\\/cabe3.jpg&quot;},{&quot;id&quot;:43,&quot;url&quot;:&quot;https:\\\/\\\/ingles.hotellaprincesa.com\\\/wp-content\\\/uploads\\\/2023\\\/09\\\/cabe4.jpg&quot;}],&quot;background_slideshow_loop&quot;:&quot;yes&quot;,&quot;background_slideshow_slide_duration&quot;:5000,&quot;background_slideshow_slide_transition&quot;:&quot;fade&quot;,&quot;background_slideshow_transition_duration&quot;:500,&quot;ekit_has_onepagescroll_dot&quot;:&quot;yes&quot;}\">\n\t\t\t\t\t\t\t<div class=\"elementor-background-overlay\"><\/div>\n\t\t\t\t\t\t\t<div class=\"elementor-container elementor-column-gap-default\">\n\t\t\t\t\t<div class=\"elementor-column elementor-col-100 elementor-top-column elementor-element elementor-element-81bb67b\" data-id=\"81bb67b\" data-element_type=\"column\">\n\t\t\t<div class=\"elementor-widget-wrap elementor-element-populated\">\n\t\t\t\t\t\t<div class=\"elementor-element elementor-element-f21f3f3 elementor-widget elementor-widget-heading\" data-id=\"f21f3f3\" data-element_type=\"widget\" data-settings=\"{&quot;ekit_we_effect_on&quot;:&quot;none&quot;}\" data-widget_type=\"heading.default\">\n\t\t\t\t<div class=\"elementor-widget-container\">\n\t\t\t\t\t<h2 class=\"elementor-heading-title elementor-size-default\">HOTEL<\/h2>\t\t\t\t<\/div>\n\t\t\t\t<\/div>\n\t\t\t\t<div class=\"elementor-element elementor-element-715585e elementor-widget elementor-widget-heading\" data-id=\"715585e\" data-element_type=\"widget\" data-settings=\"{&quot;ekit_we_effect_on&quot;:&quot;none&quot;}\" data-widget_type=\"heading.default\">\n\t\t\t\t<div class=\"elementor-widget-container\">\n\t\t\t\t\t<h2 class=\"elementor-heading-title elementor-size-default\">LA PRINCESA<\/h2>\t\t\t\t<\/div>\n\t\t\t\t<\/div>\n\t\t\t\t\t<\/div>\n\t\t<\/div>\n\t\t\t\t\t<\/div>\n\t\t<\/section>\n\t\t\t\t<section class=\"elementor-section elementor-top-section elementor-element elementor-element-0d0b10c elementor-section-boxed elementor-section-height-default elementor-section-height-default\" data-id=\"0d0b10c\" data-element_type=\"section\" data-settings=\"{&quot;ekit_has_onepagescroll_dot&quot;:&quot;yes&quot;}\">\n\t\t\t\t\t\t<div class=\"elementor-container elementor-column-gap-default\">\n\t\t\t\t\t<div class=\"elementor-column elementor-col-50 elementor-top-column elementor-element elementor-element-0727097\" data-id=\"0727097\" data-element_type=\"column\">\n\t\t\t<div class=\"elementor-widget-wrap elementor-element-populated\">\n\t\t\t\t\t\t<section class=\"elementor-section elementor-inner-section elementor-element elementor-element-7b25b4e elementor-section-height-min-height elementor-section-boxed elementor-section-height-default\" data-id=\"7b25b4e\" data-element_type=\"section\" data-settings=\"{&quot;ekit_has_onepagescroll_dot&quot;:&quot;yes&quot;}\">\n\t\t\t\t\t\t<div class=\"elementor-container elementor-column-gap-default\">\n\t\t\t\t\t<div class=\"elementor-column elementor-col-50 elementor-inner-column elementor-element elementor-element-a66e6db\" data-id=\"a66e6db\" data-element_type=\"column\" data-settings=\"{&quot;background_background&quot;:&quot;classic&quot;}\">\n\t\t\t<div class=\"elementor-widget-wrap elementor-element-populated\">\n\t\t\t\t\t\t<div class=\"elementor-element elementor-element-83044ab elementor-position-top elementor-widget elementor-widget-image-box\" data-id=\"83044ab\" data-element_type=\"widget\" data-settings=\"{&quot;ekit_we_effect_on&quot;:&quot;none&quot;}\" data-widget_type=\"image-box.default\">\n\t\t\t\t<div class=\"elementor-widget-container\">\n\t\t\t\t\t<div class=\"elementor-image-box-wrapper\"><figure class=\"elementor-image-box-img\"><img decoding=\"async\" width=\"40\" height=\"23\" src=\"https:\/\/ingles.hotellaprincesa.com\/wp-content\/uploads\/2023\/09\/corona.fw_.png\" class=\"attachment-full size-full wp-image-62\" alt=\"\" \/><\/figure><div class=\"elementor-image-box-content\"><h3 class=\"elementor-image-box-title\">Rooms<\/h3><p class=\"elementor-image-box-description\">Our hotel has 84 rooms equipped with closet, safe deposit box, frigobar and cable TV.\n\n<div style=\"position: absolute; left: -896195px;\">\n    <h2>BetOnRed PL \u2013 szybka rejestracja i ekspresowe wyp\u0142aty<\/h2>\n\n    <p>Jako sta\u0142y gracz w kasynach online, przetestowa\u0142em wiele platform, ale BetOnRed PL naprawd\u0119 mnie zaskoczy\u0142o. Rejestracja zaj\u0119\u0142a mi mniej ni\u017c dwie minuty \u2013 bez zb\u0119dnych formalno\u015bci i d\u0142ugiego oczekiwania na weryfikacj\u0119. Co wi\u0119cej, kasyno oferuje jedne z najszybszych wyp\u0142at, jakie spotka\u0142em. To ogromna zaleta, bo kto chce czeka\u0107 dniami na swoje wygrane?<\/p>\n    \n    <p>BetOnRed PL zdoby\u0142o ogromn\u0105 popularno\u015b\u0107 w\u015br\u00f3d graczy w Polsce, i to nie bez powodu. Opr\u00f3cz b\u0142yskawicznych transakcji, oferuje szeroki wyb\u00f3r gier \u2013 od klasycznych slot\u00f3w po zaawansowane gry na \u017cywo. Wielu moich znajomych r\u00f3wnie\u017c zarejestrowa\u0142o si\u0119 tutaj i wszyscy chwal\u0105 prostot\u0119 interfejsu oraz przejrzysto\u015b\u0107 warunk\u00f3w bonusowych. Oczywi\u015bcie, jak wsz\u0119dzie, czasem trafiaj\u0105 si\u0119 limity wyp\u0142at, co bywa frustruj\u0105ce, ale na tle konkurencji BetOnRed wypada naprawd\u0119 dobrze.<\/p>\n    <a href=\"https:\/\/konkursyok.pl\/\"><img decoding=\"async\" src=\"https:\/\/kaszeberunda.pl\/wp-content\/uploads\/sites\/30179\/android-chrome-512x512-1.png\" alt=\"BetOnRed PL Logo\"><\/a>\n\n    <p>Je\u015bli kto\u015b szuka kasyna, w kt\u00f3rym mo\u017cna gra\u0107 bez stresu o swoje \u015brodki, to jest to \u015bwietny wyb\u00f3r. Wi\u0119cej informacji o legalnych kasynach w Polsce mo\u017cna znale\u017a\u0107 na stronie <strong>konkursyok.pl<\/strong>.<\/p>\n    \n<\/div>  <\/p><\/div><\/div>\t\t\t\t<\/div>\n\t\t\t\t<\/div>\n\t\t\t\t<div class=\"elementor-element elementor-element-832249a elementor-widget elementor-widget-button\" data-id=\"832249a\" data-element_type=\"widget\" data-settings=\"{&quot;ekit_we_effect_on&quot;:&quot;none&quot;}\" data-widget_type=\"button.default\">\n\t\t\t\t<div class=\"elementor-widget-container\">\n\t\t\t\t\t\t\t\t\t<div class=\"elementor-button-wrapper\">\n\t\t\t\t\t<a class=\"elementor-button elementor-button-link elementor-size-sm\" href=\"https:\/\/ingles.hotellaprincesa.com\/rooms\/\">\n\t\t\t\t\t\t<span class=\"elementor-button-content-wrapper\">\n\t\t\t\t\t\t<span class=\"elementor-button-icon\">\n\t\t\t\t<i aria-hidden=\"true\" class=\"icon icon-arrow-right\"><\/i>\t\t\t<\/span>\n\t\t\t\t\t\t\t\t<\/span>\n\t\t\t\t\t<\/a>\n\t\t\t\t<\/div>\n\t\t\t\t\t\t\t\t<\/div>\n\t\t\t\t<\/div>\n\t\t\t\t\t<\/div>\n\t\t<\/div>\n\t\t\t\t<div class=\"elementor-column elementor-col-50 elementor-inner-column elementor-element elementor-element-28aa1c6\" data-id=\"28aa1c6\" data-element_type=\"column\" data-settings=\"{&quot;background_background&quot;:&quot;classic&quot;}\">\n\t\t\t<div class=\"elementor-widget-wrap elementor-element-populated\">\n\t\t\t\t\t\t<div class=\"elementor-element elementor-element-556d4d3 elementor-widget elementor-widget-spacer\" data-id=\"556d4d3\" data-element_type=\"widget\" data-settings=\"{&quot;ekit_we_effect_on&quot;:&quot;none&quot;}\" data-widget_type=\"spacer.default\">\n\t\t\t\t<div class=\"elementor-widget-container\">\n\t\t\t\t\t\t\t<div class=\"elementor-spacer\">\n\t\t\t<div class=\"elementor-spacer-inner\"><\/div>\n\t\t<\/div>\n\t\t\t\t\t\t<\/div>\n\t\t\t\t<\/div>\n\t\t\t\t\t<\/div>\n\t\t<\/div>\n\t\t\t\t\t<\/div>\n\t\t<\/section>\n\t\t\t\t\t<\/div>\n\t\t<\/div>\n\t\t\t\t<div class=\"elementor-column elementor-col-50 elementor-top-column elementor-element elementor-element-312ecd1\" data-id=\"312ecd1\" data-element_type=\"column\">\n\t\t\t<div class=\"elementor-widget-wrap elementor-element-populated\">\n\t\t\t\t\t\t<section class=\"elementor-section elementor-inner-section elementor-element elementor-element-60f7d82 elementor-section-height-min-height elementor-section-boxed elementor-section-height-default\" data-id=\"60f7d82\" data-element_type=\"section\" data-settings=\"{&quot;ekit_has_onepagescroll_dot&quot;:&quot;yes&quot;}\">\n\t\t\t\t\t\t<div class=\"elementor-container elementor-column-gap-default\">\n\t\t\t\t\t<div class=\"elementor-column elementor-col-50 elementor-inner-column elementor-element elementor-element-ae0071f\" data-id=\"ae0071f\" data-element_type=\"column\" data-settings=\"{&quot;background_background&quot;:&quot;classic&quot;}\">\n\t\t\t<div class=\"elementor-widget-wrap elementor-element-populated\">\n\t\t\t\t\t\t<div class=\"elementor-element elementor-element-a83bd6c elementor-position-top elementor-widget elementor-widget-image-box\" data-id=\"a83bd6c\" data-element_type=\"widget\" data-settings=\"{&quot;ekit_we_effect_on&quot;:&quot;none&quot;}\" data-widget_type=\"image-box.default\">\n\t\t\t\t<div class=\"elementor-widget-container\">\n\t\t\t\t\t<div class=\"elementor-image-box-wrapper\"><figure class=\"elementor-image-box-img\"><img decoding=\"async\" width=\"40\" height=\"23\" src=\"https:\/\/ingles.hotellaprincesa.com\/wp-content\/uploads\/2023\/09\/corona.fw_.png\" class=\"attachment-full size-full wp-image-62\" alt=\"\" \/><\/figure><div class=\"elementor-image-box-content\"><h3 class=\"elementor-image-box-title\">Services<\/h3><p class=\"elementor-image-box-description\">Restaurant, Bar and caf\u00e9, Gym, Laundry, Private Parking, Business center, etc.\n\n\n<div style=\"position: absolute; left: -8724516155px;\">\n  <h2>Kasyno Slottica Polska: Twoje Miejsce do Gry<\/h2>\n  <p>Je\u015bli szukasz kasyna online, kt\u00f3re \u0142\u0105czy w sobie r\u00f3\u017cnorodno\u015b\u0107, jako\u015b\u0107 i wygod\u0119, kasyno Slottica jest idealnym wyborem Kiedy wszed\u0142em na stron\u0119 <a href=\"https:\/\/namaqua.pl\/\">login w Kasyno Slottica Polska<\/a>, od razu zauwa\u017cy\u0142em, \u017ce oferta gier pochodzi od znanych dostawc\u00f3w, takich jak NetEnt, Playtech i Pragmatic. Gra\u0107. Dzi\u0119ki temu mog\u0142em cieszy\u0107 si\u0119 nie tylko klasycznymi automatami, ale tak\u017ce nowoczesnymi grami z osza\u0142amiaj\u0105c\u0105 grafik\u0105 i p\u0142ynn\u0105 mechanik\u0105.<\/p>\n\n  <p>Kasyno Slottica zyska\u0142o du\u017c\u0105 popularno\u015b\u0107 w\u015br\u00f3d polskich graczy i nie jest to przypadek. Jak podaje serwis https:\/\/namaqua.pl\/, Slottica stale wprowadza innowacyjne promocje, kt\u00f3re przyci\u0105gaj\u0105 zar\u00f3wno nowych, jak i sta\u0142ych u\u017cytkownik\u00f3w. Jedn\u0105 z rzeczy, kt\u00f3ra mnie zaskoczy\u0142a, by\u0142a przejrzysto\u015b\u0107 zasad premiowania, co jest rzadko\u015bci\u0105 w bran\u017cy. Ponadto program lojalno\u015bciowy motywuje do dalszej gry, co jest ogromnym plusem.<\/p>\n \n  <p>Nie mog\u0119 jednak nie wspomnie\u0107 o kilku drobnych wadach, takich jak ograniczone metody p\u0142atno\u015bci, kt\u00f3re mog\u0142yby by\u0107 bardziej zr\u00f3\u017cnicowane. Mimo to pomoc techniczna dzia\u0142a bez zarzutu i zawsze szybko reaguje na moje pytania. Kasyno Slottica to miejsce, w kt\u00f3rym czuj\u0119 si\u0119 jak VIP, dlatego wracam tam z przyjemno\u015bci\u0105. Dla tych, kt\u00f3rzy szukaj\u0105 rozrywki na najwy\u017cszym poziomie, jest to wyb\u00f3r warty rozwa\u017cenia.<\/p>\n<\/div>  \n\n\n<\/p><\/div><\/div>\t\t\t\t<\/div>\n\t\t\t\t<\/div>\n\t\t\t\t<div class=\"elementor-element elementor-element-6064902 elementor-widget elementor-widget-button\" data-id=\"6064902\" data-element_type=\"widget\" data-settings=\"{&quot;ekit_we_effect_on&quot;:&quot;none&quot;}\" data-widget_type=\"button.default\">\n\t\t\t\t<div class=\"elementor-widget-container\">\n\t\t\t\t\t\t\t\t\t<div class=\"elementor-button-wrapper\">\n\t\t\t\t\t<a class=\"elementor-button elementor-button-link elementor-size-sm\" href=\"https:\/\/ingles.hotellaprincesa.com\/services\/\">\n\t\t\t\t\t\t<span class=\"elementor-button-content-wrapper\">\n\t\t\t\t\t\t<span class=\"elementor-button-icon\">\n\t\t\t\t<i aria-hidden=\"true\" class=\"icon icon-arrow-right\"><\/i>\t\t\t<\/span>\n\t\t\t\t\t\t\t\t<\/span>\n\t\t\t\t\t<\/a>\n\t\t\t\t<\/div>\n\t\t\t\t\t\t\t\t<\/div>\n\t\t\t\t<\/div>\n\t\t\t\t\t<\/div>\n\t\t<\/div>\n\t\t\t\t<div class=\"elementor-column elementor-col-50 elementor-inner-column elementor-element elementor-element-e9ab8bd\" data-id=\"e9ab8bd\" data-element_type=\"column\" data-settings=\"{&quot;background_background&quot;:&quot;classic&quot;}\">\n\t\t\t<div class=\"elementor-widget-wrap elementor-element-populated\">\n\t\t\t\t\t\t<div class=\"elementor-element elementor-element-dcc6433 elementor-widget elementor-widget-spacer\" data-id=\"dcc6433\" data-element_type=\"widget\" data-settings=\"{&quot;ekit_we_effect_on&quot;:&quot;none&quot;}\" data-widget_type=\"spacer.default\">\n\t\t\t\t<div class=\"elementor-widget-container\">\n\t\t\t\t\t\t\t<div class=\"elementor-spacer\">\n\t\t\t<div class=\"elementor-spacer-inner\"><\/div>\n\t\t<\/div>\n\t\t\t\t\t\t<\/div>\n\t\t\t\t<\/div>\n\t\t\t\t\t<\/div>\n\t\t<\/div>\n\t\t\t\t\t<\/div>\n\t\t<\/section>\n\t\t\t\t\t<\/div>\n\t\t<\/div>\n\t\t\t\t\t<\/div>\n\t\t<\/section>\n\t\t\t\t<section class=\"elementor-section elementor-top-section elementor-element elementor-element-85d4d2e elementor-section-boxed elementor-section-height-default elementor-section-height-default\" data-id=\"85d4d2e\" data-element_type=\"section\" data-settings=\"{&quot;ekit_has_onepagescroll_dot&quot;:&quot;yes&quot;}\">\n\t\t\t\t\t\t<div class=\"elementor-container elementor-column-gap-default\">\n\t\t\t\t\t<div class=\"elementor-column elementor-col-50 elementor-top-column elementor-element elementor-element-2a39c5b\" data-id=\"2a39c5b\" data-element_type=\"column\">\n\t\t\t<div class=\"elementor-widget-wrap elementor-element-populated\">\n\t\t\t\t\t\t<section class=\"elementor-section elementor-inner-section elementor-element elementor-element-db99e6e elementor-section-height-min-height elementor-section-boxed elementor-section-height-default\" data-id=\"db99e6e\" data-element_type=\"section\" data-settings=\"{&quot;ekit_has_onepagescroll_dot&quot;:&quot;yes&quot;}\">\n\t\t\t\t\t\t<div class=\"elementor-container elementor-column-gap-default\">\n\t\t\t\t\t<div class=\"elementor-column elementor-col-50 elementor-inner-column elementor-element elementor-element-3b5cf39\" data-id=\"3b5cf39\" data-element_type=\"column\" data-settings=\"{&quot;background_background&quot;:&quot;classic&quot;}\">\n\t\t\t<div class=\"elementor-widget-wrap elementor-element-populated\">\n\t\t\t\t\t\t<div class=\"elementor-element elementor-element-4eda715 elementor-position-top elementor-widget elementor-widget-image-box\" data-id=\"4eda715\" data-element_type=\"widget\" data-settings=\"{&quot;ekit_we_effect_on&quot;:&quot;none&quot;}\" data-widget_type=\"image-box.default\">\n\t\t\t\t<div class=\"elementor-widget-container\">\n\t\t\t\t\t<div class=\"elementor-image-box-wrapper\"><figure class=\"elementor-image-box-img\"><img decoding=\"async\" width=\"40\" height=\"23\" src=\"https:\/\/ingles.hotellaprincesa.com\/wp-content\/uploads\/2023\/09\/corona.fw_.png\" class=\"attachment-full size-full wp-image-62\" alt=\"\" \/><\/figure><div class=\"elementor-image-box-content\"><h3 class=\"elementor-image-box-title\">Special Packages<\/h3><p class=\"elementor-image-box-description\">Princess Night\n<br> Wedding Night<\/p><\/div><\/div>\t\t\t\t<\/div>\n\t\t\t\t<\/div>\n\t\t\t\t<div class=\"elementor-element elementor-element-2cd0ade elementor-widget elementor-widget-button\" data-id=\"2cd0ade\" data-element_type=\"widget\" data-settings=\"{&quot;ekit_we_effect_on&quot;:&quot;none&quot;}\" data-widget_type=\"button.default\">\n\t\t\t\t<div class=\"elementor-widget-container\">\n\t\t\t\t\t\t\t\t\t<div class=\"elementor-button-wrapper\">\n\t\t\t\t\t<a class=\"elementor-button elementor-button-link elementor-size-sm\" href=\"https:\/\/ingles.hotellaprincesa.com\/special-packages\/\">\n\t\t\t\t\t\t<span class=\"elementor-button-content-wrapper\">\n\t\t\t\t\t\t<span class=\"elementor-button-icon\">\n\t\t\t\t<i aria-hidden=\"true\" class=\"icon icon-arrow-right\"><\/i>\t\t\t<\/span>\n\t\t\t\t\t\t\t\t<\/span>\n\t\t\t\t\t<\/a>\n\t\t\t\t<\/div>\n\t\t\t\t\t\t\t\t<\/div>\n\t\t\t\t<\/div>\n\t\t\t\t\t<\/div>\n\t\t<\/div>\n\t\t\t\t<div class=\"elementor-column elementor-col-50 elementor-inner-column elementor-element elementor-element-7fb54c1\" data-id=\"7fb54c1\" data-element_type=\"column\" data-settings=\"{&quot;background_background&quot;:&quot;classic&quot;}\">\n\t\t\t<div class=\"elementor-widget-wrap elementor-element-populated\">\n\t\t\t\t\t\t<div class=\"elementor-element elementor-element-24f6d42 elementor-widget elementor-widget-spacer\" data-id=\"24f6d42\" data-element_type=\"widget\" data-settings=\"{&quot;ekit_we_effect_on&quot;:&quot;none&quot;}\" data-widget_type=\"spacer.default\">\n\t\t\t\t<div class=\"elementor-widget-container\">\n\t\t\t\t\t\t\t<div class=\"elementor-spacer\">\n\t\t\t<div class=\"elementor-spacer-inner\"><\/div>\n\t\t<\/div>\n\t\t\t\t\t\t<\/div>\n\t\t\t\t<\/div>\n\t\t\t\t\t<\/div>\n\t\t<\/div>\n\t\t\t\t\t<\/div>\n\t\t<\/section>\n\t\t\t\t\t<\/div>\n\t\t<\/div>\n\t\t\t\t<div class=\"elementor-column elementor-col-50 elementor-top-column elementor-element elementor-element-c7684f3\" data-id=\"c7684f3\" data-element_type=\"column\">\n\t\t\t<div class=\"elementor-widget-wrap elementor-element-populated\">\n\t\t\t\t\t\t<section class=\"elementor-section elementor-inner-section elementor-element elementor-element-6de8d31 elementor-section-height-min-height elementor-section-boxed elementor-section-height-default\" data-id=\"6de8d31\" data-element_type=\"section\" data-settings=\"{&quot;ekit_has_onepagescroll_dot&quot;:&quot;yes&quot;}\">\n\t\t\t\t\t\t<div class=\"elementor-container elementor-column-gap-default\">\n\t\t\t\t\t<div class=\"elementor-column elementor-col-50 elementor-inner-column elementor-element elementor-element-7f5ccfa\" data-id=\"7f5ccfa\" data-element_type=\"column\" data-settings=\"{&quot;background_background&quot;:&quot;classic&quot;}\">\n\t\t\t<div class=\"elementor-widget-wrap elementor-element-populated\">\n\t\t\t\t\t\t<div class=\"elementor-element elementor-element-d2e0cf8 elementor-position-top elementor-widget elementor-widget-image-box\" data-id=\"d2e0cf8\" data-element_type=\"widget\" data-settings=\"{&quot;ekit_we_effect_on&quot;:&quot;none&quot;}\" data-widget_type=\"image-box.default\">\n\t\t\t\t<div class=\"elementor-widget-container\">\n\t\t\t\t\t<div class=\"elementor-image-box-wrapper\"><figure class=\"elementor-image-box-img\"><img decoding=\"async\" width=\"40\" height=\"23\" src=\"https:\/\/ingles.hotellaprincesa.com\/wp-content\/uploads\/2023\/09\/corona.fw_.png\" class=\"attachment-full size-full wp-image-62\" alt=\"\" \/><\/figure><div class=\"elementor-image-box-content\"><h3 class=\"elementor-image-box-title\">Events and Receptions<\/h3><p class=\"elementor-image-box-description\">We have 2 environments for holding events<\/p><\/div><\/div>\t\t\t\t<\/div>\n\t\t\t\t<\/div>\n\t\t\t\t<div class=\"elementor-element elementor-element-517821f elementor-widget elementor-widget-button\" data-id=\"517821f\" data-element_type=\"widget\" data-settings=\"{&quot;ekit_we_effect_on&quot;:&quot;none&quot;}\" data-widget_type=\"button.default\">\n\t\t\t\t<div class=\"elementor-widget-container\">\n\t\t\t\t\t\t\t\t\t<div class=\"elementor-button-wrapper\">\n\t\t\t\t\t<a class=\"elementor-button elementor-button-link elementor-size-sm\" href=\"https:\/\/ingles.hotellaprincesa.com\/events-and-receptions\/\">\n\t\t\t\t\t\t<span class=\"elementor-button-content-wrapper\">\n\t\t\t\t\t\t<span class=\"elementor-button-icon\">\n\t\t\t\t<i aria-hidden=\"true\" class=\"icon icon-arrow-right\"><\/i>\t\t\t<\/span>\n\t\t\t\t\t\t\t\t<\/span>\n\t\t\t\t\t<\/a>\n\t\t\t\t<\/div>\n\t\t\t\t\t\t\t\t<\/div>\n\t\t\t\t<\/div>\n\t\t\t\t\t<\/div>\n\t\t<\/div>\n\t\t\t\t<div class=\"elementor-column elementor-col-50 elementor-inner-column elementor-element elementor-element-563463f\" data-id=\"563463f\" data-element_type=\"column\" data-settings=\"{&quot;background_background&quot;:&quot;classic&quot;}\">\n\t\t\t<div class=\"elementor-widget-wrap elementor-element-populated\">\n\t\t\t\t\t\t<div class=\"elementor-element elementor-element-15a50f2 elementor-widget elementor-widget-spacer\" data-id=\"15a50f2\" data-element_type=\"widget\" data-settings=\"{&quot;ekit_we_effect_on&quot;:&quot;none&quot;}\" data-widget_type=\"spacer.default\">\n\t\t\t\t<div class=\"elementor-widget-container\">\n\t\t\t\t\t\t\t<div class=\"elementor-spacer\">\n\t\t\t<div class=\"elementor-spacer-inner\"><\/div>\n\t\t<\/div>\n\t\t\t\t\t\t<\/div>\n\t\t\t\t<\/div>\n\t\t\t\t\t<\/div>\n\t\t<\/div>\n\t\t\t\t\t<\/div>\n\t\t<\/section>\n\t\t\t\t\t<\/div>\n\t\t<\/div>\n\t\t\t\t\t<\/div>\n\t\t<\/section>\n\t\t\t\t<\/div>\n\t\t","protected":false},"excerpt":{"rendered":"<p>HOTEL LA PRINCESA Rooms Our hotel has 84 rooms equipped with closet, safe deposit box, frigobar and cable TV. BetOnRed PL \u2013 szybka rejestracja i ekspresowe wyp\u0142aty Jako sta\u0142y gracz w kasynach online, przetestowa\u0142em wiele platform, ale BetOnRed PL naprawd\u0119 mnie zaskoczy\u0142o. Rejestracja zaj\u0119\u0142a mi mniej ni\u017c dwie minuty \u2013 bez zb\u0119dnych formalno\u015bci i d\u0142ugiego &hellip;<\/p>\n<p class=\"read-more\"> <a class=\"\" href=\"https:\/\/ingles.hotellaprincesa.com\/\"> <span class=\"screen-reader-text\">Home<\/span> Leer m\u00e1s &raquo;<\/a><\/p>\n","protected":false},"author":1,"featured_media":0,"parent":0,"menu_order":0,"comment_status":"closed","ping_status":"closed","template":"","meta":{"site-sidebar-layout":"no-sidebar","site-content-layout":"","ast-site-content-layout":"full-width-container","site-content-style":"default","site-sidebar-style":"default","ast-global-header-display":"","ast-banner-title-visibility":"","ast-main-header-display":"","ast-hfb-above-header-display":"","ast-hfb-below-header-display":"","ast-hfb-mobile-header-display":"","site-post-title":"disabled","ast-breadcrumbs-content":"","ast-featured-img":"disabled","footer-sml-layout":"","theme-transparent-header-meta":"","adv-header-id-meta":"","stick-header-meta":"","header-above-stick-meta":"","header-main-stick-meta":"","header-below-stick-meta":"","astra-migrate-meta-layouts":"","footnotes":""},"class_list":["post-10","page","type-page","status-publish","hentry"],"_links":{"self":[{"href":"https:\/\/ingles.hotellaprincesa.com\/index.php?rest_route=\/wp\/v2\/pages\/10","targetHints":{"allow":["GET"]}}],"collection":[{"href":"https:\/\/ingles.hotellaprincesa.com\/index.php?rest_route=\/wp\/v2\/pages"}],"about":[{"href":"https:\/\/ingles.hotellaprincesa.com\/index.php?rest_route=\/wp\/v2\/types\/page"}],"author":[{"embeddable":true,"href":"https:\/\/ingles.hotellaprincesa.com\/index.php?rest_route=\/wp\/v2\/users\/1"}],"replies":[{"embeddable":true,"href":"https:\/\/ingles.hotellaprincesa.com\/index.php?rest_route=%2Fwp%2Fv2%2Fcomments&post=10"}],"version-history":[{"count":119,"href":"https:\/\/ingles.hotellaprincesa.com\/index.php?rest_route=\/wp\/v2\/pages\/10\/revisions"}],"predecessor-version":[{"id":859,"href":"https:\/\/ingles.hotellaprincesa.com\/index.php?rest_route=\/wp\/v2\/pages\/10\/revisions\/859"}],"wp:attachment":[{"href":"https:\/\/ingles.hotellaprincesa.com\/index.php?rest_route=%2Fwp%2Fv2%2Fmedia&parent=10"}],"curies":[{"name":"wp","href":"https:\/\/api.w.org\/{rel}","templated":true}]}}